{"id":187,"date":"2023-10-18T19:37:27","date_gmt":"2023-10-18T19:37:27","guid":{"rendered":"http:\/\/sportandmoreluzern.ch\/website_demnachst\/?page_id=187"},"modified":"2024-08-11T08:54:44","modified_gmt":"2024-08-11T08:54:44","slug":"testimonials","status":"publish","type":"page","link":"http:\/\/sportandmoreluzern.ch\/website_demnachst\/testimonials","title":{"rendered":"Testimonials"},"content":{"rendered":"\n<h2 class=\"wp-block-heading alignwide has-foreground-color has-text-color\">Testimonials<\/h2>\n\n\n\n<div class=\"wp-block-media-text alignwide is-stacked-on-mobile\" style=\"grid-template-columns:18% auto\"><figure class=\"wp-block-media-text__media\"><a href=\"https:\/\/www.nikitaducarroz.com\"><img loading=\"lazy\" decoding=\"async\" width=\"682\" height=\"1024\" src=\"http:\/\/sportandmoreluzern.ch\/wp-content\/uploads\/2023\/10\/c67e5126-af88-4ab9-8e90-ce527a85e0b3.jpeg\" alt=\"\" class=\"wp-image-194 size-full\" srcset=\"http:\/\/sportandmoreluzern.ch\/wp-content\/uploads\/2023\/10\/c67e5126-af88-4ab9-8e90-ce527a85e0b3.jpeg 682w, http:\/\/sportandmoreluzern.ch\/wp-content\/uploads\/2023\/10\/c67e5126-af88-4ab9-8e90-ce527a85e0b3-200x300.jpeg 200w\" sizes=\"auto, (max-width: 682px) 100vw, 682px\" \/><\/a><\/figure><div class=\"wp-block-media-text__content\">\n<p class=\"has-medium-font-size\">Nikita Ducarroz<br>\ud83c\udde8\ud83c\udded\ud83c\uddfa\ud83c\uddf8 Profi BMX Freestyle Park,\ud83e\udd49Olympic Games Tokyo 2020 <br>(\ud83d\udcf8Red Bull Content Pool)<\/p>\n\n\n\n<p class=\"has-small-font-size\">&#8220;Any team or patient is incredibly lucky to have Judith. I had immediate trust and comfort knowing that Judith has the knowledge, skills, compassion and heart to take care of whatever is thrown her way. She cares about you as a person and goes the extra mile to make sure everything is done in the best way possible for you.&#8221;<\/p>\n<\/div><\/div>\n\n\n\n<div class=\"wp-block-media-text alignwide is-stacked-on-mobile\" style=\"grid-template-columns:18% auto\"><figure class=\"wp-block-media-text__media\"><a href=\"https:\/\/spono.ch\"><img loading=\"lazy\" decoding=\"async\" width=\"945\" height=\"958\" src=\"http:\/\/sportandmoreluzern.ch\/wp-content\/uploads\/2023\/11\/Caro-Emmenegger.jpg\" alt=\"\" class=\"wp-image-207 size-full\" srcset=\"http:\/\/sportandmoreluzern.ch\/wp-content\/uploads\/2023\/11\/Caro-Emmenegger.jpg 945w, http:\/\/sportandmoreluzern.ch\/wp-content\/uploads\/2023\/11\/Caro-Emmenegger-296x300.jpg 296w, http:\/\/sportandmoreluzern.ch\/wp-content\/uploads\/2023\/11\/Caro-Emmenegger-768x779.jpg 768w\" sizes=\"auto, (max-width: 945px) 100vw, 945px\" \/><\/a><\/figure><div class=\"wp-block-media-text__content\">\n<p class=\"has-medium-font-size\">Caro Emmenegger<br>\ud83c\udde8\ud83c\uddedHandballtrainerin SPL2, Assistentin FU16- und FU18-Nationalmannschaft, <br>Lehrerin,  3-fache Mutter (\ud83d\udcf8Spono Eagles)<\/p>\n\n\n\n<p class=\"has-text-align-left has-small-font-size\">&#8220;Judith begleitete die Nachwuchsnationalteams der Frauen im Handball bereits mehrfach bei bedeutenden Gro\u00dfveranstaltungen, darunter Europameisterschaften und Weltmeisterschaften. W\u00e4hrend dieser Eins\u00e4tze erwies sie sich als \u00e4u\u00dferst hilfreiche Unterst\u00fctzung f\u00fcr die Spielerinnen und uns Trainer*innen. Besonders beeindruckend war ihre ruhige und souver\u00e4ne Handhabung von Verletzungen, was den Betroffenen ein tiefes Vertrauen in ihre professionelle F\u00fcrsorge gab. Judith \u00fcberzeugt mich nicht nur durch ihre fachliche Expertise, sondern auch durch ihr gro\u00dfes Herz, ihr bemerkenswertes Einf\u00fchlungsverm\u00f6gen und ihre herzliche Pers\u00f6nlichkeit. Neben meiner T\u00e4tigkeit im Sportbereich unterrichte ich auch an einer Schule und ich habe Judith bereits Sch\u00fclerinnen empfohlen. Das Feedback von den Eltern war stets \u00e4u\u00dferst positiv, da die Jugendlichen sich in ihrer Anwesenheit wohl und respektiert f\u00fchlten. Ich kann Judith als \u00c4rztin uneingeschr\u00e4nkt empfehlen. Bei ihr f\u00fchlt man sich nicht nur medizinisch, sondern auch menschlich bestens aufgehoben.&#8221;<\/p>\n<\/div><\/div>\n\n\n\n<div class=\"wp-block-media-text alignwide is-stacked-on-mobile\" style=\"grid-template-columns:18% auto\"><figure class=\"wp-block-media-text__media\"><a href=\"https:\/\/de.wikipedia.org\/wiki\/Eduarda_Santos_Lisboa\"><img loading=\"lazy\" decoding=\"async\" width=\"810\" height=\"1024\" src=\"http:\/\/sportandmoreluzern.ch\/wp-content\/uploads\/2023\/10\/Duda-810x1024.png\" alt=\"\" class=\"wp-image-192 size-full\" srcset=\"http:\/\/sportandmoreluzern.ch\/wp-content\/uploads\/2023\/10\/Duda-810x1024.png 810w, http:\/\/sportandmoreluzern.ch\/wp-content\/uploads\/2023\/10\/Duda-237x300.png 237w, http:\/\/sportandmoreluzern.ch\/wp-content\/uploads\/2023\/10\/Duda-768x971.png 768w, http:\/\/sportandmoreluzern.ch\/wp-content\/uploads\/2023\/10\/Duda.png 1152w\" sizes=\"auto, (max-width: 810px) 100vw, 810px\" \/><\/a><\/figure><div class=\"wp-block-media-text__content\">\n<p class=\"has-medium-font-size\">Eduarda &#8220;Duda&#8221; Santos Lisboa<br>\ud83c\udde7\ud83c\uddf7 Profi Beachvolleyball,\ud83e\udd47Olympic Games Paris 2024 with Ana Patricia Ramos <br>(\ud83d\udcf8beachvolleyballworld\/volleyballworld)<\/p>\n\n\n\n<p class=\"has-text-align-left has-small-font-size\">&#8220;Judith was very kind to me during her evaluation of my injury. She asked me everything I could possibly think of to make sure she was giving me the correct diagnosis. She investigated all possibilities to direct me well. She was very considerate and helpful. She helped me until I got the correct diagnosis and exams results. I am thankful for her hard work in helping me out during the beach volleyball event in Gstaad. I believe she did everything in her will to help out.&#8221;<\/p>\n<\/div><\/div>\n","protected":false},"excerpt":{"rendered":"<p>Testimonials Nikita Ducarroz\ud83c\udde8\ud83c\udded\ud83c\uddfa\ud83c\uddf8 Profi BMX Freestyle Park,\ud83e\udd49Olympic Games Tokyo 2020 (\ud83d\udcf8Red Bull Content Pool) &#8220;Any team or patient is incredibly lucky to have Judith. I had immediate trust and comfort knowing that Judith has the knowledge, skills, compassion and heart to take care of whatever is thrown her way. She cares about you as a [&hellip;]<\/p>\n","protected":false},"author":1,"featured_media":0,"parent":0,"menu_order":0,"comment_status":"closed","ping_status":"closed","template":"","meta":{"footnotes":""},"class_list":["post-187","page","type-page","status-publish","hentry"],"_links":{"self":[{"href":"http:\/\/sportandmoreluzern.ch\/website_demnachst\/wp-json\/wp\/v2\/pages\/187","targetHints":{"allow":["GET"]}}],"collection":[{"href":"http:\/\/sportandmoreluzern.ch\/website_demnachst\/wp-json\/wp\/v2\/pages"}],"about":[{"href":"http:\/\/sportandmoreluzern.ch\/website_demnachst\/wp-json\/wp\/v2\/types\/page"}],"author":[{"embeddable":true,"href":"http:\/\/sportandmoreluzern.ch\/website_demnachst\/wp-json\/wp\/v2\/users\/1"}],"replies":[{"embeddable":true,"href":"http:\/\/sportandmoreluzern.ch\/website_demnachst\/wp-json\/wp\/v2\/comments?post=187"}],"version-history":[{"count":17,"href":"http:\/\/sportandmoreluzern.ch\/website_demnachst\/wp-json\/wp\/v2\/pages\/187\/revisions"}],"predecessor-version":[{"id":263,"href":"http:\/\/sportandmoreluzern.ch\/website_demnachst\/wp-json\/wp\/v2\/pages\/187\/revisions\/263"}],"wp:attachment":[{"href":"http:\/\/sportandmoreluzern.ch\/website_demnachst\/wp-json\/wp\/v2\/media?parent=187"}],"curies":[{"name":"wp","href":"https:\/\/api.w.org\/{rel}","templated":true}]}}